{"id":83,"date":"2025-01-29T17:40:22","date_gmt":"2025-01-29T17:40:22","guid":{"rendered":"https:\/\/idevaj.com.br\/?page_id=83"},"modified":"2025-01-29T17:40:22","modified_gmt":"2025-01-29T17:40:22","slug":"quem-somos","status":"publish","type":"page","link":"https:\/\/idevaj.com.br\/?page_id=83","title":{"rendered":"Quem Somos"},"content":{"rendered":"\n<p><strong>O INSTITUTO DE DESENVOLVIMENTO DO VALE DO JAGUARIPE \u00e9 uma entidade sem fins lucrativos, fundada em 3 de outubro de 2012, de car\u00e1ter social e inclusivo, voltada para a pesquisa, assessoramento, gest\u00e3o e desenvolvimento de a\u00e7\u00f5es e projetos de promo\u00e7\u00e3o e defesa de direitos, desenvolvimento humano, social, econ\u00f4mico e execu\u00e7\u00e3o do servi\u00e7o de radiodifus\u00e3o comunit\u00e1ria.<\/strong><\/p>\n","protected":false},"excerpt":{"rendered":"<p>O INSTITUTO DE DESENVOLVIMENTO DO VALE DO JAGUARIPE \u00e9 uma entidade sem fins lucrativos, fundada<\/p>\n","protected":false},"author":1,"featured_media":0,"parent":0,"menu_order":0,"comment_status":"closed","ping_status":"closed","template":"","meta":{"footnotes":""},"class_list":["post-83","page","type-page","status-publish","hentry"],"_links":{"self":[{"href":"https:\/\/idevaj.com.br\/index.php?rest_route=\/wp\/v2\/pages\/83","targetHints":{"allow":["GET"]}}],"collection":[{"href":"https:\/\/idevaj.com.br\/index.php?rest_route=\/wp\/v2\/pages"}],"about":[{"href":"https:\/\/idevaj.com.br\/index.php?rest_route=\/wp\/v2\/types\/page"}],"author":[{"embeddable":true,"href":"https:\/\/idevaj.com.br\/index.php?rest_route=\/wp\/v2\/users\/1"}],"replies":[{"embeddable":true,"href":"https:\/\/idevaj.com.br\/index.php?rest_route=%2Fwp%2Fv2%2Fcomments&post=83"}],"version-history":[{"count":1,"href":"https:\/\/idevaj.com.br\/index.php?rest_route=\/wp\/v2\/pages\/83\/revisions"}],"predecessor-version":[{"id":85,"href":"https:\/\/idevaj.com.br\/index.php?rest_route=\/wp\/v2\/pages\/83\/revisions\/85"}],"wp:attachment":[{"href":"https:\/\/idevaj.com.br\/index.php?rest_route=%2Fwp%2Fv2%2Fmedia&parent=83"}],"curies":[{"name":"wp","href":"https:\/\/api.w.org\/{rel}","templated":true}]}}